{"id":182,"date":"2020-12-13T13:11:46","date_gmt":"2020-12-13T13:11:46","guid":{"rendered":"https:\/\/sv-adamitz.de\/?page_id=182"},"modified":"2021-11-04T15:28:08","modified_gmt":"2021-11-04T15:28:08","slug":"jgs-anlagen","status":"publish","type":"page","link":"https:\/\/sv-adamitz.de\/?page_id=182","title":{"rendered":"JGS-Anlagen"},"content":{"rendered":"\n<div class=\"wp-block-themeisle-blocks-advanced-columns has-2-columns has-desktop-twoOne-layout has-tablet-equal-layout has-mobile-collapsedRows-layout has-default-gap has-vertical-unset\" id=\"wp-block-themeisle-blocks-advanced-columns-4b1ad2f3\"><div class=\"wp-block-themeisle-blocks-advanced-columns-overlay\"><\/div><div class=\"innerblocks-wrap\">\n<div class=\"wp-block-themeisle-blocks-advanced-column\" id=\"wp-block-themeisle-blocks-advanced-column-d150f0aa\">\n<h3 class=\"wp-block-heading\" id=\"block-5b49aa12-e1bb-426e-aabc-41e134a9de6b\">Pr\u00fcfung Ihrer JGS-Anlage nach der Verordnung \u00fcber Anlagen zum Umgang mit wassergef\u00e4hrdenden Stoffen <strong>(AwSV)<\/strong><\/h3>\n\n\n\n<h4 class=\"wp-block-heading\" id=\"block-228199b8-c1c1-4f4a-94c2-138c7f2b348e\">&#8211; Wiederkehrende Pr\u00fcfung<\/h4>\n\n\n\n<h4 class=\"wp-block-heading\" id=\"block-11e4bca3-893c-493c-b586-216701a0d071\">&#8211; Erstpr\u00fcfung gem\u00e4\u00df AwSV von bestehenden Anlagen<\/h4>\n\n\n\n<h4 class=\"wp-block-heading\" id=\"block-1c81eedd-f70d-4981-b3db-879dc02f7602\">&#8211; Pr\u00fcfung vor Inbetriebnahme<\/h4>\n\n\n\n<h4 class=\"wp-block-heading\" id=\"block-3b352a65-e631-4d5f-a5dd-d178e2a8fa63\">&#8211; Pr\u00fcfung nach einer wesentlichen \u00c4nderung<\/h4>\n\n\n\n<h4 class=\"wp-block-heading\" id=\"block-2845c421-208c-4a38-9165-59cd757d07fb\">&#8211; Pr\u00fcfung bei Stilllegung einer Anlage<\/h4>\n\n\n\n<h4 class=\"wp-block-heading\" id=\"block-1062a80c-a453-4316-b5d0-4854bbbb57e7\">&#8211; Nachpr\u00fcfungen nach M\u00e4ngelbeseitigung<\/h4>\n\n\n\n<h4 class=\"wp-block-heading\" id=\"block-830b6806-0a2a-4222-a9ae-5512ce1e6583\">&#8211; Korrespondenzen mit der zust\u00e4ndigen Beh\u00f6rde<\/h4>\n\n\n\n<h4 class=\"wp-block-heading\" id=\"block-c0497ec7-7a87-45d8-b136-d4d115972b96\">&#8211; Gutachterliche Stellungnahme<\/h4>\n\n\n\n<h4 class=\"wp-block-heading\" id=\"block-c0497ec7-7a87-45d8-b136-d4d115972b96\">&#8211; Dichtheitspr\u00fcfungen gem\u00e4\u00df Technischer Regel wassergef\u00e4hrdender Stoffe (TRwS) DWA-A 792<\/h4>\n\n\n\n<p id=\"block-9c5b9f6d-efe0-4cb3-9ee8-204d09efd6a4\"><strong>Fragen? Gerne berate ich Sie und erstelle Ihnen ein individuelles Angebot. Tel: 0151 416 38 416<\/strong><\/p>\n\n\n\n<p id=\"block-a0b2c5a3-d9d7-42b5-9f8d-2bc27b605374\"><a href=\"https:\/\/sv-adamitz.de\/?page_id=97\"><code><i class=\"wp-svg-forward forward\"><\/i><\/code> Kontaktformular<\/a><\/p>\n<\/div>\n\n\n\n<div class=\"wp-block-themeisle-blocks-advanced-column\" id=\"wp-block-themeisle-blocks-advanced-column-9ada40a5\">\n<h4 class=\"wp-block-heading\"><strong>Pr\u00fcfpflicht<\/strong>:<\/h4>\n\n\n\n<ol class=\"wp-block-list\"><li>Alle anzeigepflichtigen Anlagen<\/li><li>Auf Anordnung der zust\u00e4ndigen Beh\u00f6rde<\/li><\/ol>\n<\/div>\n<\/div><\/div>\n","protected":false},"excerpt":{"rendered":"","protected":false},"author":1,"featured_media":0,"parent":0,"menu_order":0,"comment_status":"closed","ping_status":"closed","template":"","meta":{"neve_meta_sidebar":"full-width","neve_meta_container":"","neve_meta_enable_content_width":"on","neve_meta_content_width":100,"neve_meta_title_alignment":"","neve_meta_author_avatar":"","neve_post_elements_order":"","neve_meta_disable_header":"","neve_meta_disable_footer":"","neve_meta_disable_title":"","ngg_post_thumbnail":0,"_themeisle_gutenberg_block_has_review":false,"footnotes":""},"class_list":["post-182","page","type-page","status-publish","hentry"],"yoast_head":"<!-- This site is optimized with the Yoast SEO plugin v27.3 - https:\/\/yoast.com\/product\/yoast-seo-wordpress\/ -->\n<title>JGS-Anlagen - SV-Adamitz<\/title>\n<meta name=\"description\" content=\"WHG \/ AwSV-Pr\u00fcfungen | Beh\u00e4lter, Sammelgruben, Erdbecken, Silos, Fahrsilos, G\u00fcllekeller und -kan\u00e4le, Festmistplatten, Abf\u00fcllfl\u00e4chen\" \/>\n<meta name=\"robots\" content=\"index, follow, max-snippet:-1, max-image-preview:large, max-video-preview:-1\" \/>\n<link rel=\"canonical\" href=\"https:\/\/sv-adamitz.de\/?page_id=182\" \/>\n<meta property=\"og:locale\" content=\"de_DE\" \/>\n<meta property=\"og:type\" content=\"article\" \/>\n<meta property=\"og:title\" content=\"JGS-Anlagen - SV-Adamitz\" \/>\n<meta property=\"og:description\" content=\"WHG \/ AwSV-Pr\u00fcfungen | Beh\u00e4lter, Sammelgruben, Erdbecken, Silos, Fahrsilos, G\u00fcllekeller und -kan\u00e4le, Festmistplatten, Abf\u00fcllfl\u00e4chen\" \/>\n<meta property=\"og:url\" content=\"https:\/\/sv-adamitz.de\/?page_id=182\" \/>\n<meta property=\"og:site_name\" content=\"SV-Adamitz\" \/>\n<meta property=\"article:modified_time\" content=\"2021-11-04T15:28:08+00:00\" \/>\n<meta name=\"twitter:card\" content=\"summary_large_image\" \/>\n<meta name=\"twitter:label1\" content=\"Gesch\u00e4tzte Lesezeit\" \/>\n\t<meta name=\"twitter:data1\" content=\"1\u00a0Minute\" \/>\n<script type=\"application\/ld+json\" class=\"yoast-schema-graph\">{\"@context\":\"https:\\\/\\\/schema.org\",\"@graph\":[{\"@type\":\"WebPage\",\"@id\":\"https:\\\/\\\/sv-adamitz.de\\\/?page_id=182\",\"url\":\"https:\\\/\\\/sv-adamitz.de\\\/?page_id=182\",\"name\":\"JGS-Anlagen - SV-Adamitz\",\"isPartOf\":{\"@id\":\"https:\\\/\\\/sv-adamitz.de\\\/#website\"},\"datePublished\":\"2020-12-13T13:11:46+00:00\",\"dateModified\":\"2021-11-04T15:28:08+00:00\",\"description\":\"WHG \\\/ AwSV-Pr\u00fcfungen | Beh\u00e4lter, Sammelgruben, Erdbecken, Silos, Fahrsilos, G\u00fcllekeller und -kan\u00e4le, Festmistplatten, Abf\u00fcllfl\u00e4chen\",\"breadcrumb\":{\"@id\":\"https:\\\/\\\/sv-adamitz.de\\\/?page_id=182#breadcrumb\"},\"inLanguage\":\"de\",\"potentialAction\":[{\"@type\":\"ReadAction\",\"target\":[\"https:\\\/\\\/sv-adamitz.de\\\/?page_id=182\"]}]},{\"@type\":\"BreadcrumbList\",\"@id\":\"https:\\\/\\\/sv-adamitz.de\\\/?page_id=182#breadcrumb\",\"itemListElement\":[{\"@type\":\"ListItem\",\"position\":1,\"name\":\"Startseite\",\"item\":\"https:\\\/\\\/sv-adamitz.de\\\/\"},{\"@type\":\"ListItem\",\"position\":2,\"name\":\"JGS-Anlagen\"}]},{\"@type\":\"WebSite\",\"@id\":\"https:\\\/\\\/sv-adamitz.de\\\/#website\",\"url\":\"https:\\\/\\\/sv-adamitz.de\\\/\",\"name\":\"SV-Adamitz\",\"description\":\"AwSV \\\/ WHG\",\"publisher\":{\"@id\":\"https:\\\/\\\/sv-adamitz.de\\\/#organization\"},\"potentialAction\":[{\"@type\":\"SearchAction\",\"target\":{\"@type\":\"EntryPoint\",\"urlTemplate\":\"https:\\\/\\\/sv-adamitz.de\\\/?s={search_term_string}\"},\"query-input\":{\"@type\":\"PropertyValueSpecification\",\"valueRequired\":true,\"valueName\":\"search_term_string\"}}],\"inLanguage\":\"de\"},{\"@type\":\"Organization\",\"@id\":\"https:\\\/\\\/sv-adamitz.de\\\/#organization\",\"name\":\"Sachverst\u00e4ndigenb\u00fcro M.Eng. Dennis Adamitz\",\"url\":\"https:\\\/\\\/sv-adamitz.de\\\/\",\"logo\":{\"@type\":\"ImageObject\",\"inLanguage\":\"de\",\"@id\":\"https:\\\/\\\/sv-adamitz.de\\\/#\\\/schema\\\/logo\\\/image\\\/\",\"url\":\"https:\\\/\\\/sv-adamitz.de\\\/wp-content\\\/uploads\\\/2020\\\/12\\\/SV-Adamitz-Logo-1.png\",\"contentUrl\":\"https:\\\/\\\/sv-adamitz.de\\\/wp-content\\\/uploads\\\/2020\\\/12\\\/SV-Adamitz-Logo-1.png\",\"width\":893,\"height\":387,\"caption\":\"Sachverst\u00e4ndigenb\u00fcro M.Eng. Dennis Adamitz\"},\"image\":{\"@id\":\"https:\\\/\\\/sv-adamitz.de\\\/#\\\/schema\\\/logo\\\/image\\\/\"}}]}<\/script>\n<!-- \/ Yoast SEO plugin. -->","yoast_head_json":{"title":"JGS-Anlagen - SV-Adamitz","description":"WHG \/ AwSV-Pr\u00fcfungen | Beh\u00e4lter, Sammelgruben, Erdbecken, Silos, Fahrsilos, G\u00fcllekeller und -kan\u00e4le, Festmistplatten, Abf\u00fcllfl\u00e4chen","robots":{"index":"index","follow":"follow","max-snippet":"max-snippet:-1","max-image-preview":"max-image-preview:large","max-video-preview":"max-video-preview:-1"},"canonical":"https:\/\/sv-adamitz.de\/?page_id=182","og_locale":"de_DE","og_type":"article","og_title":"JGS-Anlagen - SV-Adamitz","og_description":"WHG \/ AwSV-Pr\u00fcfungen | Beh\u00e4lter, Sammelgruben, Erdbecken, Silos, Fahrsilos, G\u00fcllekeller und -kan\u00e4le, Festmistplatten, Abf\u00fcllfl\u00e4chen","og_url":"https:\/\/sv-adamitz.de\/?page_id=182","og_site_name":"SV-Adamitz","article_modified_time":"2021-11-04T15:28:08+00:00","twitter_card":"summary_large_image","twitter_misc":{"Gesch\u00e4tzte Lesezeit":"1\u00a0Minute"},"schema":{"@context":"https:\/\/schema.org","@graph":[{"@type":"WebPage","@id":"https:\/\/sv-adamitz.de\/?page_id=182","url":"https:\/\/sv-adamitz.de\/?page_id=182","name":"JGS-Anlagen - SV-Adamitz","isPartOf":{"@id":"https:\/\/sv-adamitz.de\/#website"},"datePublished":"2020-12-13T13:11:46+00:00","dateModified":"2021-11-04T15:28:08+00:00","description":"WHG \/ AwSV-Pr\u00fcfungen | Beh\u00e4lter, Sammelgruben, Erdbecken, Silos, Fahrsilos, G\u00fcllekeller und -kan\u00e4le, Festmistplatten, Abf\u00fcllfl\u00e4chen","breadcrumb":{"@id":"https:\/\/sv-adamitz.de\/?page_id=182#breadcrumb"},"inLanguage":"de","potentialAction":[{"@type":"ReadAction","target":["https:\/\/sv-adamitz.de\/?page_id=182"]}]},{"@type":"BreadcrumbList","@id":"https:\/\/sv-adamitz.de\/?page_id=182#breadcrumb","itemListElement":[{"@type":"ListItem","position":1,"name":"Startseite","item":"https:\/\/sv-adamitz.de\/"},{"@type":"ListItem","position":2,"name":"JGS-Anlagen"}]},{"@type":"WebSite","@id":"https:\/\/sv-adamitz.de\/#website","url":"https:\/\/sv-adamitz.de\/","name":"SV-Adamitz","description":"AwSV \/ WHG","publisher":{"@id":"https:\/\/sv-adamitz.de\/#organization"},"potentialAction":[{"@type":"SearchAction","target":{"@type":"EntryPoint","urlTemplate":"https:\/\/sv-adamitz.de\/?s={search_term_string}"},"query-input":{"@type":"PropertyValueSpecification","valueRequired":true,"valueName":"search_term_string"}}],"inLanguage":"de"},{"@type":"Organization","@id":"https:\/\/sv-adamitz.de\/#organization","name":"Sachverst\u00e4ndigenb\u00fcro M.Eng. Dennis Adamitz","url":"https:\/\/sv-adamitz.de\/","logo":{"@type":"ImageObject","inLanguage":"de","@id":"https:\/\/sv-adamitz.de\/#\/schema\/logo\/image\/","url":"https:\/\/sv-adamitz.de\/wp-content\/uploads\/2020\/12\/SV-Adamitz-Logo-1.png","contentUrl":"https:\/\/sv-adamitz.de\/wp-content\/uploads\/2020\/12\/SV-Adamitz-Logo-1.png","width":893,"height":387,"caption":"Sachverst\u00e4ndigenb\u00fcro M.Eng. Dennis Adamitz"},"image":{"@id":"https:\/\/sv-adamitz.de\/#\/schema\/logo\/image\/"}}]}},"_links":{"self":[{"href":"https:\/\/sv-adamitz.de\/index.php?rest_route=\/wp\/v2\/pages\/182","targetHints":{"allow":["GET"]}}],"collection":[{"href":"https:\/\/sv-adamitz.de\/index.php?rest_route=\/wp\/v2\/pages"}],"about":[{"href":"https:\/\/sv-adamitz.de\/index.php?rest_route=\/wp\/v2\/types\/page"}],"author":[{"embeddable":true,"href":"https:\/\/sv-adamitz.de\/index.php?rest_route=\/wp\/v2\/users\/1"}],"replies":[{"embeddable":true,"href":"https:\/\/sv-adamitz.de\/index.php?rest_route=%2Fwp%2Fv2%2Fcomments&post=182"}],"version-history":[{"count":2,"href":"https:\/\/sv-adamitz.de\/index.php?rest_route=\/wp\/v2\/pages\/182\/revisions"}],"predecessor-version":[{"id":269,"href":"https:\/\/sv-adamitz.de\/index.php?rest_route=\/wp\/v2\/pages\/182\/revisions\/269"}],"wp:attachment":[{"href":"https:\/\/sv-adamitz.de\/index.php?rest_route=%2Fwp%2Fv2%2Fmedia&parent=182"}],"curies":[{"name":"wp","href":"https:\/\/api.w.org\/{rel}","templated":true}]}}