{"id":26,"date":"2020-11-04T19:35:04","date_gmt":"2020-11-04T19:35:04","guid":{"rendered":"https:\/\/sv-adamitz.de\/?page_id=26"},"modified":"2025-09-05T13:06:02","modified_gmt":"2025-09-05T13:06:02","slug":"wilkommen","status":"publish","type":"page","link":"https:\/\/sv-adamitz.de\/","title":{"rendered":"Herzlich Willkommen"},"content":{"rendered":"\n<div id=\"wp-block-themeisle-blocks-advanced-columns-6bb8d739\" class=\"wp-block-themeisle-blocks-advanced-columns has-2-columns has-desktop-oneTwo-layout has-tablet-equal-layout has-mobile-collapsedRows-layout has-vertical-unset\"><div class=\"wp-block-themeisle-blocks-advanced-columns-overlay\"><\/div><div class=\"innerblocks-wrap\">\n<div id=\"wp-block-themeisle-blocks-advanced-column-4d42a94a\" class=\"wp-block-themeisle-blocks-advanced-column\">\n<figure class=\"wp-block-gallery has-nested-images columns-default is-cropped wp-block-gallery-1 is-layout-flex wp-block-gallery-is-layout-flex\">\n<figure class=\"wp-block-image size-large\"><img loading=\"lazy\" decoding=\"async\" width=\"1024\" height=\"768\" data-id=\"68\" src=\"https:\/\/sv-adamitz.de\/wp-content\/uploads\/2020\/11\/IMG-20200818-WA0002-1024x768-1.jpg\" alt=\"\" class=\"wp-image-68\" srcset=\"https:\/\/sv-adamitz.de\/wp-content\/uploads\/2020\/11\/IMG-20200818-WA0002-1024x768-1.jpg 1024w, https:\/\/sv-adamitz.de\/wp-content\/uploads\/2020\/11\/IMG-20200818-WA0002-1024x768-1-300x225.jpg 300w, https:\/\/sv-adamitz.de\/wp-content\/uploads\/2020\/11\/IMG-20200818-WA0002-1024x768-1-768x576.jpg 768w\" sizes=\"auto, (max-width: 1024px) 100vw, 1024px\" \/><\/figure>\n\n\n\n<figure class=\"wp-block-image size-large\"><img loading=\"lazy\" decoding=\"async\" width=\"1024\" height=\"683\" data-id=\"69\" src=\"https:\/\/sv-adamitz.de\/wp-content\/uploads\/2020\/11\/mY3jsaP9FWLJlL3XA0H9RUpbfjn5pAfomokDpBaS-1024x683-1.jpeg\" alt=\"\" class=\"wp-image-69\" srcset=\"https:\/\/sv-adamitz.de\/wp-content\/uploads\/2020\/11\/mY3jsaP9FWLJlL3XA0H9RUpbfjn5pAfomokDpBaS-1024x683-1.jpeg 1024w, https:\/\/sv-adamitz.de\/wp-content\/uploads\/2020\/11\/mY3jsaP9FWLJlL3XA0H9RUpbfjn5pAfomokDpBaS-1024x683-1-300x200.jpeg 300w, https:\/\/sv-adamitz.de\/wp-content\/uploads\/2020\/11\/mY3jsaP9FWLJlL3XA0H9RUpbfjn5pAfomokDpBaS-1024x683-1-768x512.jpeg 768w, https:\/\/sv-adamitz.de\/wp-content\/uploads\/2020\/11\/mY3jsaP9FWLJlL3XA0H9RUpbfjn5pAfomokDpBaS-1024x683-1-930x620.jpeg 930w\" sizes=\"auto, (max-width: 1024px) 100vw, 1024px\" \/><\/figure>\n\n\n\n<figure class=\"wp-block-image size-large\"><img loading=\"lazy\" decoding=\"async\" width=\"1024\" height=\"678\" data-id=\"70\" src=\"https:\/\/sv-adamitz.de\/wp-content\/uploads\/2020\/11\/KyQxZEQHtBZyb8uj7dlZsGf8bjRFGr9VP5tgnHXI-1024x678-1.jpeg\" alt=\"\" class=\"wp-image-70\" srcset=\"https:\/\/sv-adamitz.de\/wp-content\/uploads\/2020\/11\/KyQxZEQHtBZyb8uj7dlZsGf8bjRFGr9VP5tgnHXI-1024x678-1.jpeg 1024w, https:\/\/sv-adamitz.de\/wp-content\/uploads\/2020\/11\/KyQxZEQHtBZyb8uj7dlZsGf8bjRFGr9VP5tgnHXI-1024x678-1-300x199.jpeg 300w, https:\/\/sv-adamitz.de\/wp-content\/uploads\/2020\/11\/KyQxZEQHtBZyb8uj7dlZsGf8bjRFGr9VP5tgnHXI-1024x678-1-768x509.jpeg 768w\" sizes=\"auto, (max-width: 1024px) 100vw, 1024px\" \/><\/figure>\n\n\n\n<figure class=\"wp-block-image size-large\"><img loading=\"lazy\" decoding=\"async\" width=\"570\" height=\"363\" data-id=\"73\" src=\"https:\/\/sv-adamitz.de\/wp-content\/uploads\/2020\/11\/IMG-20200817-WA0008-1024x768-2.jpg\" alt=\"\" class=\"wp-image-73\" srcset=\"https:\/\/sv-adamitz.de\/wp-content\/uploads\/2020\/11\/IMG-20200817-WA0008-1024x768-2.jpg 570w, https:\/\/sv-adamitz.de\/wp-content\/uploads\/2020\/11\/IMG-20200817-WA0008-1024x768-2-300x191.jpg 300w\" sizes=\"auto, (max-width: 570px) 100vw, 570px\" \/><\/figure>\n<\/figure>\n<\/div>\n\n\n\n<div id=\"wp-block-themeisle-blocks-advanced-column-b211ad8f\" class=\"wp-block-themeisle-blocks-advanced-column\">\n<h2>&nbsp;&nbsp;&nbsp;&nbsp;&nbsp;&nbsp;Wie kann ich Ihnen helfen?<\/h2>\n\n\n\n<div id=\"wp-block-themeisle-blocks-advanced-columns-edfea8c0\" class=\"wp-block-themeisle-blocks-advanced-columns has-2-columns has-desktop-oneTwo-layout has-tablet-equal-layout has-mobile-collapsedRows-layout has-vertical-unset has-default-gap\"><div class=\"wp-block-themeisle-blocks-advanced-columns-overlay\"><\/div><div class=\"innerblocks-wrap\">\n<div id=\"wp-block-themeisle-blocks-advanced-column-a293aa67\" class=\"wp-block-themeisle-blocks-advanced-column\">\n<figure class=\"wp-block-image size-large is-resized is-style-rounded\"><img loading=\"lazy\" decoding=\"async\" width=\"285\" height=\"403\" src=\"https:\/\/sv-adamitz.de\/wp-content\/uploads\/2020\/11\/Bild2-1.png\" alt=\"\" class=\"wp-image-74\" style=\"width:117px;height:165px\" srcset=\"https:\/\/sv-adamitz.de\/wp-content\/uploads\/2020\/11\/Bild2-1.png 285w, https:\/\/sv-adamitz.de\/wp-content\/uploads\/2020\/11\/Bild2-1-212x300.png 212w\" sizes=\"auto, (max-width: 285px) 100vw, 285px\" \/><\/figure>\n<\/div>\n\n\n\n<div id=\"wp-block-themeisle-blocks-advanced-column-c91cfa79\" class=\"wp-block-themeisle-blocks-advanced-column\">\n<strong>GSW-Sachverst\u00e4ndigenb\u00fcro M.Eng. Dennis Adamitz<\/strong><br>\n\n\n\nSachverst\u00e4ndiger gem\u00e4\u00df WHG \/ AwSV<br>\n\n\n\nHeinrichstr. 1b<br>\n\n\n\n<p>330890 Barsinghausen OT Egestorf<\/p>\n\n\n\n<strong>Telefon: 0151 416 38 416 oder 0511 546 80 560<\/strong>\n<br><br><strong>Frau Hormann (B\u00fcro-Teilzeit): 0151 614 05 614  <\/strong>\n\n\n\n<p>Fax: 0511 80 90 4671<\/p>\n\n\n\n<p>Paderborn: 05252 9240070 Detmolder Str. 46, 33175 Bad Lippspringe<br>Berlin: 030 3627198 Brekowweg 3, 10318 Berlin<\/p>\n\n\n\n<p>E-Mail: <a href=\"mailto:info@sv-adamitz.de\">info@sv-adamitz.de<\/a><\/p>\n<\/div>\n<\/div><\/div>\n<\/div>\n<\/div><\/div>\n\n\n\n<h3 class=\"wp-block-heading\">Sie ben\u00f6tigen eine \u00dcberpr\u00fcfung Ihrer AwSV- oder Abscheider-Anlage? <br>Ich berate Sie gerne und stehe kompetent&nbsp;&amp; professionell in Nord- und Mitteldeutschland (S\u00fcddeutschland auf Anfrage) an Ihrer Seite.<\/h3>\n\n\n\n<br><h3><strong>Dienstleistungen: Anlagenpr\u00fcfung, Beratung, gutachterliche Stellungnahme<\/strong><\/h3>\n\n\n\n<h4 class=\"wp-block-heading\" id=\"block-19bd8ebd-375e-4844-9b54-c08f2b4e16b7\"><code><i class=\"wp-svg-spinner-4 spinner-4\"><\/i><\/code> <a href=\"https:\/\/sv-adamitz.de\/?page_id=178\">Heiz\u00f6lverbraucheranlagen<\/a> (\u00a7 2 Abs. 11 AwSV)<\/h4>\n\n\n\n<h4 class=\"wp-block-heading\" id=\"block-db3f8da8-38c0-42ca-b23a-38ac271fcea2\"><code><i class=\"wp-svg-spinner-4 spinner-4\"><\/i><\/code> <a href=\"https:\/\/sv-adamitz.de\/?page_id=180\">Eigenverbrauchstankstellen<\/a> (\u00a7 2 Abs. 12 AwSV)<\/h4>\n\n\n\n<h4 class=\"wp-block-heading\" id=\"block-7568d851-23ba-4fe7-8b9d-017096055255\"><code><i class=\"wp-svg-spinner-4 spinner-4\"><\/i><\/code> <a href=\"https:\/\/sv-adamitz.de\/?page_id=180\">LAU-Anlagen von Tankstellen<\/a><\/h4>\n\n\n\n<h4 class=\"wp-block-heading\" id=\"block-9e27f3d8-7436-4da1-807d-8748f57323df\"><code><i class=\"wp-svg-spinner-4 spinner-4\"><\/i><\/code> <a href=\"https:\/\/sv-adamitz.de\/?page_id=182\">JGS-Anlagen<\/a> (Anlage 7 AwSV)<\/h4>\n\n\n\n<h4 class=\"wp-block-heading\" id=\"block-7f71fe00-dffc-453a-81f7-0a5bcb89a559\"><code><i class=\"wp-svg-spinner-4 spinner-4\"><\/i><\/code><a href=\"https:\/\/sv-adamitz.de\/?page_id=184\"> Erdw\u00e4rmesonden<\/a> (\u00a7 35 Abs. 1 und 2)<\/h4>\n\n\n\n<h4 class=\"wp-block-heading\" id=\"block-6bd8853d-0ac5-45e2-9bd9-1aa5522da392\"><code><i class=\"wp-svg-spinner-4 spinner-4\"><\/i><\/code> <a href=\"https:\/\/sv-adamitz.de\/?page_id=101\">Anlagendokumentation gem\u00e4\u00df AwSV \u00a743<\/a><\/h4>\n\n\n\n<h4 class=\"wp-block-heading\" id=\"block-0410b1d5-f065-44c0-8cda-98fe94866535\"><code><i class=\"wp-svg-spinner-4 spinner-4\"><\/i><\/code> <a href=\"https:\/\/sv-adamitz.de\/?page_id=103\">Fett- sowie Leichtfl\u00fcssigkeitsabscheiderpr\u00fcfungen, Generalinspektionen nach DIN 1999-100 und DIN 4040-100<\/a><\/h4>\n\n\n\n<h4 class=\"wp-block-heading\" id=\"block-b808159c-d1fd-48b6-be17-813ead44b49a\"><code><i class=\"wp-svg-spinner-4 spinner-4\"><\/i><\/code> Dichtheitspr\u00fcfung an Entw\u00e4sserungsanlagen nach DIN EN 1610, DWA-A 139, DIN 1986-30<\/h4>\n\n\n\n<p><a data-type=\"page\" data-id=\"97\" href=\"https:\/\/sv-adamitz.de\/?page_id=97\"><code><i class=\"wp-svg-forward forward\"><\/i><\/code> Weitere auf Anfrage<\/a><\/p>\n","protected":false},"excerpt":{"rendered":"<p>Sie ben\u00f6tigen eine \u00dcberpr\u00fcfung Ihrer AwSV- oder Abscheider-Anlage? Ich berate Sie gerne und stehe kompetent&nbsp;&amp; professionell in Nord- und Mitteldeutschland (S\u00fcddeutschland auf Anfrage) an Ihrer Seite. Dienstleistungen: Anlagenpr\u00fcfung, Beratung, gutachterliche Stellungnahme Heiz\u00f6lverbraucheranlagen (\u00a7 2 Abs. 11 AwSV) Eigenverbrauchstankstellen (\u00a7 2 Abs. 12 AwSV) LAU-Anlagen von Tankstellen JGS-Anlagen (Anlage 7 AwSV) Erdw\u00e4rmesonden (\u00a7 35 Abs. 1&hellip;&nbsp;<a href=\"https:\/\/sv-adamitz.de\/\" class=\"\" rel=\"bookmark\">Weiterlesen &raquo;<span class=\"screen-reader-text\">Herzlich Willkommen<\/span><\/a><\/p>\n","protected":false},"author":1,"featured_media":0,"parent":0,"menu_order":0,"comment_status":"closed","ping_status":"closed","template":"","meta":{"neve_meta_sidebar":"full-width","neve_meta_container":"","neve_meta_enable_content_width":"on","neve_meta_content_width":100,"neve_meta_title_alignment":"","neve_meta_author_avatar":"","neve_post_elements_order":"","neve_meta_disable_header":"","neve_meta_disable_footer":"","neve_meta_disable_title":"","ngg_post_thumbnail":0,"_themeisle_gutenberg_block_has_review":false,"footnotes":""},"class_list":["post-26","page","type-page","status-publish","hentry"],"yoast_head":"<!-- This site is optimized with the Yoast SEO plugin v27.3 - https:\/\/yoast.com\/product\/yoast-seo-wordpress\/ -->\n<title>Sachverst\u00e4ndiger nach WHG \/ AwSV | Fachkundiger Abscheideranlagen<\/title>\n<meta name=\"description\" content=\"\u00dcberpr\u00fcfung Ihrer Anlage durch einen Sachverst\u00e4ndigen gem\u00e4\u00df WHG \/ AwSV | Generalinspektion Ihrer Abscheideranlage | SV- Adamitz\" \/>\n<meta name=\"robots\" content=\"index, follow, max-snippet:-1, max-image-preview:large, max-video-preview:-1\" \/>\n<link rel=\"canonical\" href=\"https:\/\/sv-adamitz.de\/\" \/>\n<meta property=\"og:locale\" content=\"de_DE\" \/>\n<meta property=\"og:type\" content=\"article\" \/>\n<meta property=\"og:title\" content=\"Sachverst\u00e4ndiger nach WHG \/ AwSV | Fachkundiger Abscheideranlagen\" \/>\n<meta property=\"og:description\" content=\"\u00dcberpr\u00fcfung Ihrer Anlage durch einen Sachverst\u00e4ndigen gem\u00e4\u00df WHG \/ AwSV | Generalinspektion Ihrer Abscheideranlage | SV- Adamitz\" \/>\n<meta property=\"og:url\" content=\"https:\/\/sv-adamitz.de\/\" \/>\n<meta property=\"og:site_name\" content=\"SV-Adamitz\" \/>\n<meta property=\"article:modified_time\" content=\"2025-09-05T13:06:02+00:00\" \/>\n<meta property=\"og:image\" content=\"https:\/\/sv-adamitz.de\/wp-content\/uploads\/2020\/11\/IMG-20200818-WA0002-1024x768-1.jpg\" \/>\n<meta name=\"twitter:card\" content=\"summary_large_image\" \/>\n<meta name=\"twitter:label1\" content=\"Gesch\u00e4tzte Lesezeit\" \/>\n\t<meta name=\"twitter:data1\" content=\"2\u00a0Minuten\" \/>\n<script type=\"application\/ld+json\" class=\"yoast-schema-graph\">{\"@context\":\"https:\\\/\\\/schema.org\",\"@graph\":[{\"@type\":\"WebPage\",\"@id\":\"https:\\\/\\\/sv-adamitz.de\\\/\",\"url\":\"https:\\\/\\\/sv-adamitz.de\\\/\",\"name\":\"Sachverst\u00e4ndiger nach WHG \\\/ AwSV | Fachkundiger Abscheideranlagen\",\"isPartOf\":{\"@id\":\"https:\\\/\\\/sv-adamitz.de\\\/#website\"},\"primaryImageOfPage\":{\"@id\":\"https:\\\/\\\/sv-adamitz.de\\\/#primaryimage\"},\"image\":{\"@id\":\"https:\\\/\\\/sv-adamitz.de\\\/#primaryimage\"},\"thumbnailUrl\":\"https:\\\/\\\/sv-adamitz.de\\\/wp-content\\\/uploads\\\/2020\\\/11\\\/IMG-20200818-WA0002-1024x768-1.jpg\",\"datePublished\":\"2020-11-04T19:35:04+00:00\",\"dateModified\":\"2025-09-05T13:06:02+00:00\",\"description\":\"\u00dcberpr\u00fcfung Ihrer Anlage durch einen Sachverst\u00e4ndigen gem\u00e4\u00df WHG \\\/ AwSV | Generalinspektion Ihrer Abscheideranlage | SV- Adamitz\",\"breadcrumb\":{\"@id\":\"https:\\\/\\\/sv-adamitz.de\\\/#breadcrumb\"},\"inLanguage\":\"de\",\"potentialAction\":[{\"@type\":\"ReadAction\",\"target\":[\"https:\\\/\\\/sv-adamitz.de\\\/\"]}]},{\"@type\":\"ImageObject\",\"inLanguage\":\"de\",\"@id\":\"https:\\\/\\\/sv-adamitz.de\\\/#primaryimage\",\"url\":\"https:\\\/\\\/sv-adamitz.de\\\/wp-content\\\/uploads\\\/2020\\\/11\\\/IMG-20200818-WA0002-1024x768-1.jpg\",\"contentUrl\":\"https:\\\/\\\/sv-adamitz.de\\\/wp-content\\\/uploads\\\/2020\\\/11\\\/IMG-20200818-WA0002-1024x768-1.jpg\",\"width\":1024,\"height\":768},{\"@type\":\"BreadcrumbList\",\"@id\":\"https:\\\/\\\/sv-adamitz.de\\\/#breadcrumb\",\"itemListElement\":[{\"@type\":\"ListItem\",\"position\":1,\"name\":\"Startseite\",\"item\":\"https:\\\/\\\/sv-adamitz.de\\\/\"},{\"@type\":\"ListItem\",\"position\":2,\"name\":\"Herzlich Willkommen\"}]},{\"@type\":\"WebSite\",\"@id\":\"https:\\\/\\\/sv-adamitz.de\\\/#website\",\"url\":\"https:\\\/\\\/sv-adamitz.de\\\/\",\"name\":\"SV-Adamitz\",\"description\":\"AwSV \\\/ WHG\",\"publisher\":{\"@id\":\"https:\\\/\\\/sv-adamitz.de\\\/#organization\"},\"potentialAction\":[{\"@type\":\"SearchAction\",\"target\":{\"@type\":\"EntryPoint\",\"urlTemplate\":\"https:\\\/\\\/sv-adamitz.de\\\/?s={search_term_string}\"},\"query-input\":{\"@type\":\"PropertyValueSpecification\",\"valueRequired\":true,\"valueName\":\"search_term_string\"}}],\"inLanguage\":\"de\"},{\"@type\":\"Organization\",\"@id\":\"https:\\\/\\\/sv-adamitz.de\\\/#organization\",\"name\":\"Sachverst\u00e4ndigenb\u00fcro M.Eng. Dennis Adamitz\",\"url\":\"https:\\\/\\\/sv-adamitz.de\\\/\",\"logo\":{\"@type\":\"ImageObject\",\"inLanguage\":\"de\",\"@id\":\"https:\\\/\\\/sv-adamitz.de\\\/#\\\/schema\\\/logo\\\/image\\\/\",\"url\":\"https:\\\/\\\/sv-adamitz.de\\\/wp-content\\\/uploads\\\/2020\\\/12\\\/SV-Adamitz-Logo-1.png\",\"contentUrl\":\"https:\\\/\\\/sv-adamitz.de\\\/wp-content\\\/uploads\\\/2020\\\/12\\\/SV-Adamitz-Logo-1.png\",\"width\":893,\"height\":387,\"caption\":\"Sachverst\u00e4ndigenb\u00fcro M.Eng. Dennis Adamitz\"},\"image\":{\"@id\":\"https:\\\/\\\/sv-adamitz.de\\\/#\\\/schema\\\/logo\\\/image\\\/\"}}]}<\/script>\n<!-- \/ Yoast SEO plugin. -->","yoast_head_json":{"title":"Sachverst\u00e4ndiger nach WHG \/ AwSV | Fachkundiger Abscheideranlagen","description":"\u00dcberpr\u00fcfung Ihrer Anlage durch einen Sachverst\u00e4ndigen gem\u00e4\u00df WHG \/ AwSV | Generalinspektion Ihrer Abscheideranlage | SV- Adamitz","robots":{"index":"index","follow":"follow","max-snippet":"max-snippet:-1","max-image-preview":"max-image-preview:large","max-video-preview":"max-video-preview:-1"},"canonical":"https:\/\/sv-adamitz.de\/","og_locale":"de_DE","og_type":"article","og_title":"Sachverst\u00e4ndiger nach WHG \/ AwSV | Fachkundiger Abscheideranlagen","og_description":"\u00dcberpr\u00fcfung Ihrer Anlage durch einen Sachverst\u00e4ndigen gem\u00e4\u00df WHG \/ AwSV | Generalinspektion Ihrer Abscheideranlage | SV- Adamitz","og_url":"https:\/\/sv-adamitz.de\/","og_site_name":"SV-Adamitz","article_modified_time":"2025-09-05T13:06:02+00:00","og_image":[{"url":"https:\/\/sv-adamitz.de\/wp-content\/uploads\/2020\/11\/IMG-20200818-WA0002-1024x768-1.jpg","type":"","width":"","height":""}],"twitter_card":"summary_large_image","twitter_misc":{"Gesch\u00e4tzte Lesezeit":"2\u00a0Minuten"},"schema":{"@context":"https:\/\/schema.org","@graph":[{"@type":"WebPage","@id":"https:\/\/sv-adamitz.de\/","url":"https:\/\/sv-adamitz.de\/","name":"Sachverst\u00e4ndiger nach WHG \/ AwSV | Fachkundiger Abscheideranlagen","isPartOf":{"@id":"https:\/\/sv-adamitz.de\/#website"},"primaryImageOfPage":{"@id":"https:\/\/sv-adamitz.de\/#primaryimage"},"image":{"@id":"https:\/\/sv-adamitz.de\/#primaryimage"},"thumbnailUrl":"https:\/\/sv-adamitz.de\/wp-content\/uploads\/2020\/11\/IMG-20200818-WA0002-1024x768-1.jpg","datePublished":"2020-11-04T19:35:04+00:00","dateModified":"2025-09-05T13:06:02+00:00","description":"\u00dcberpr\u00fcfung Ihrer Anlage durch einen Sachverst\u00e4ndigen gem\u00e4\u00df WHG \/ AwSV | Generalinspektion Ihrer Abscheideranlage | SV- Adamitz","breadcrumb":{"@id":"https:\/\/sv-adamitz.de\/#breadcrumb"},"inLanguage":"de","potentialAction":[{"@type":"ReadAction","target":["https:\/\/sv-adamitz.de\/"]}]},{"@type":"ImageObject","inLanguage":"de","@id":"https:\/\/sv-adamitz.de\/#primaryimage","url":"https:\/\/sv-adamitz.de\/wp-content\/uploads\/2020\/11\/IMG-20200818-WA0002-1024x768-1.jpg","contentUrl":"https:\/\/sv-adamitz.de\/wp-content\/uploads\/2020\/11\/IMG-20200818-WA0002-1024x768-1.jpg","width":1024,"height":768},{"@type":"BreadcrumbList","@id":"https:\/\/sv-adamitz.de\/#breadcrumb","itemListElement":[{"@type":"ListItem","position":1,"name":"Startseite","item":"https:\/\/sv-adamitz.de\/"},{"@type":"ListItem","position":2,"name":"Herzlich Willkommen"}]},{"@type":"WebSite","@id":"https:\/\/sv-adamitz.de\/#website","url":"https:\/\/sv-adamitz.de\/","name":"SV-Adamitz","description":"AwSV \/ WHG","publisher":{"@id":"https:\/\/sv-adamitz.de\/#organization"},"potentialAction":[{"@type":"SearchAction","target":{"@type":"EntryPoint","urlTemplate":"https:\/\/sv-adamitz.de\/?s={search_term_string}"},"query-input":{"@type":"PropertyValueSpecification","valueRequired":true,"valueName":"search_term_string"}}],"inLanguage":"de"},{"@type":"Organization","@id":"https:\/\/sv-adamitz.de\/#organization","name":"Sachverst\u00e4ndigenb\u00fcro M.Eng. Dennis Adamitz","url":"https:\/\/sv-adamitz.de\/","logo":{"@type":"ImageObject","inLanguage":"de","@id":"https:\/\/sv-adamitz.de\/#\/schema\/logo\/image\/","url":"https:\/\/sv-adamitz.de\/wp-content\/uploads\/2020\/12\/SV-Adamitz-Logo-1.png","contentUrl":"https:\/\/sv-adamitz.de\/wp-content\/uploads\/2020\/12\/SV-Adamitz-Logo-1.png","width":893,"height":387,"caption":"Sachverst\u00e4ndigenb\u00fcro M.Eng. Dennis Adamitz"},"image":{"@id":"https:\/\/sv-adamitz.de\/#\/schema\/logo\/image\/"}}]}},"_links":{"self":[{"href":"https:\/\/sv-adamitz.de\/index.php?rest_route=\/wp\/v2\/pages\/26","targetHints":{"allow":["GET"]}}],"collection":[{"href":"https:\/\/sv-adamitz.de\/index.php?rest_route=\/wp\/v2\/pages"}],"about":[{"href":"https:\/\/sv-adamitz.de\/index.php?rest_route=\/wp\/v2\/types\/page"}],"author":[{"embeddable":true,"href":"https:\/\/sv-adamitz.de\/index.php?rest_route=\/wp\/v2\/users\/1"}],"replies":[{"embeddable":true,"href":"https:\/\/sv-adamitz.de\/index.php?rest_route=%2Fwp%2Fv2%2Fcomments&post=26"}],"version-history":[{"count":67,"href":"https:\/\/sv-adamitz.de\/index.php?rest_route=\/wp\/v2\/pages\/26\/revisions"}],"predecessor-version":[{"id":356,"href":"https:\/\/sv-adamitz.de\/index.php?rest_route=\/wp\/v2\/pages\/26\/revisions\/356"}],"wp:attachment":[{"href":"https:\/\/sv-adamitz.de\/index.php?rest_route=%2Fwp%2Fv2%2Fmedia&parent=26"}],"curies":[{"name":"wp","href":"https:\/\/api.w.org\/{rel}","templated":true}]}}