{"id":95,"date":"2020-11-04T22:03:00","date_gmt":"2020-11-04T22:03:00","guid":{"rendered":"https:\/\/sv-adamitz.de\/?page_id=95"},"modified":"2025-09-05T13:16:44","modified_gmt":"2025-09-05T13:16:44","slug":"qualifikationen","status":"publish","type":"page","link":"https:\/\/sv-adamitz.de\/?page_id=95","title":{"rendered":"Qualifikationen"},"content":{"rendered":"\n<div class=\"wp-block-themeisle-blocks-advanced-columns has-1-columns has-desktop-equal-layout has-tablet-equal-layout has-mobile-equal-layout has-default-gap has-vertical-unset\" id=\"wp-block-themeisle-blocks-advanced-columns-ebad3244\"><div class=\"wp-block-themeisle-blocks-advanced-columns-overlay\"><\/div><div class=\"innerblocks-wrap\">\n\n<div class=\"wp-block-themeisle-blocks-advanced-column\" id=\"wp-block-themeisle-blocks-advanced-column-716ef89d\">\n\n<h4 class=\"wp-block-heading\" id=\"block-504fd633-40bb-49a5-afff-514121f4b9c3\"><i class=\"wp-svg-user-4 user-4\"><\/i> Bestellter Sachverst\u00e4ndiger gem\u00e4\u00df WHG \/ AwSV<\/h4>\n\n\n<h4 class=\"wp-block-heading\" id=\"block-504fd633-40bb-49a5-afff-514121f4b9c3\"><i class=\"wp-svg-user-4 user-4\"><\/i> \u00dcber die staatlich anerkannte Sach- und Fachkundigenorganisation GSW bestellter Fachkundiger f\u00fcr die Untersuchung \/ Pr\u00fcfung von Abwasservorbehandlungsanlagen (Bereiche: \u201eLeichtfl\u00fcssigkeits- und Fettabscheider, Anlagen zur Behandlung von Kohlenwasserstoffen) in Schleswig-Holstein<\/h4>\n\n\n<h4 class=\"wp-block-heading\" id=\"block-504fd633-40bb-49a5-afff-514121f4b9c3\"><i class=\"wp-svg-user-4 user-4\"><\/i> Fachkundige Person: Generalinspektionen und Dichtheitspr\u00fcfung an Abscheideranlagen<\/h4>\n\n\n<h4 class=\"wp-block-heading\" id=\"block-504fd633-40bb-49a5-afff-514121f4b9c3\"><i class=\"wp-svg-user-4 user-4\"><\/i> Sachkundige Person Dichtheitspr\u00fcfung an Entw\u00e4sserungsanlagen nach DIN EN 1610, DWA-A 139, DIN 1986-30<\/h4>\n\n\n<h4 class=\"wp-block-heading\" id=\"block-bf709ab1-7aa6-46ec-a0ac-99eb07bd8ea7\"><i class=\"wp-svg-user-4 user-4\"><\/i> Fugendichtungsarbeiten in Anlagen zum Lagern und Abf\u00fcllen von Jauche, G\u00fclle und Silagesickers\u00e4ften sowie in Biogasanlagen<\/h4>\n\n\n<h4 class=\"wp-block-heading\" id=\"block-1aba36df-6d74-4a81-b913-198318c08539\"><i class=\"wp-svg-user-4 user-4\"><\/i> Sachkunde AGI-J 21-1 Transformatorenst\u00e4nde<\/h4>\n\n\n<h4 class=\"wp-block-heading\" id=\"block-1aba36df-6d74-4a81-b913-198318c08539\"><i class=\"wp-svg-user-4 user-4\"><\/i> Pr\u00fcfung elektrischer Anlagen, DGUV Vorschrift 3<\/h4>\n\n\n<h4 class=\"wp-block-heading\" id=\"block-1aba36df-6d74-4a81-b913-198318c08539\"><i class=\"wp-svg-user-4 user-4\"><\/i> Pr\u00fcfung elektrischer Arbeitsmittel (Ger\u00e4te), DGUV Vorschrift 3<\/h4>\n\n\n<h4 class=\"wp-block-heading\" id=\"block-0cb53c9f-c80d-4df5-b76d-eff5e02d1fbe\"><i class=\"wp-svg-book book\"><\/i> M.Eng. Elektro- und Informationstechnik &#8211; Sensor- und Automatisierungstechnik<\/h4>\n\n\n<h4 class=\"wp-block-heading\" id=\"block-edd0afcb-7537-4840-ad2d-94f3afa98bc1\"><i class=\"wp-svg-book book\"><\/i> B.Eng. Elektro- und Informationstechnik &#8211; Energietechnik<\/h4>\n\n<\/div>\n\n<\/div><\/div>\n","protected":false},"excerpt":{"rendered":"","protected":false},"author":1,"featured_media":0,"parent":0,"menu_order":0,"comment_status":"closed","ping_status":"closed","template":"","meta":{"neve_meta_sidebar":"full-width","neve_meta_container":"","neve_meta_enable_content_width":"on","neve_meta_content_width":100,"neve_meta_title_alignment":"","neve_meta_author_avatar":"","neve_post_elements_order":"","neve_meta_disable_header":"","neve_meta_disable_footer":"","neve_meta_disable_title":"","ngg_post_thumbnail":0,"_themeisle_gutenberg_block_has_review":false,"footnotes":""},"class_list":["post-95","page","type-page","status-publish","hentry"],"yoast_head":"<!-- This site is optimized with the Yoast SEO plugin v27.3 - https:\/\/yoast.com\/product\/yoast-seo-wordpress\/ -->\n<title>Qualifikationen - SV-Adamitz<\/title>\n<meta name=\"robots\" content=\"index, follow, max-snippet:-1, max-image-preview:large, max-video-preview:-1\" \/>\n<link rel=\"canonical\" href=\"https:\/\/sv-adamitz.de\/?page_id=95\" \/>\n<meta property=\"og:locale\" content=\"de_DE\" \/>\n<meta property=\"og:type\" content=\"article\" \/>\n<meta property=\"og:title\" content=\"Qualifikationen - SV-Adamitz\" \/>\n<meta property=\"og:url\" content=\"https:\/\/sv-adamitz.de\/?page_id=95\" \/>\n<meta property=\"og:site_name\" content=\"SV-Adamitz\" \/>\n<meta property=\"article:modified_time\" content=\"2025-09-05T13:16:44+00:00\" \/>\n<meta name=\"twitter:card\" content=\"summary_large_image\" \/>\n<meta name=\"twitter:label1\" content=\"Gesch\u00e4tzte Lesezeit\" \/>\n\t<meta name=\"twitter:data1\" content=\"1\u00a0Minute\" \/>\n<script type=\"application\/ld+json\" class=\"yoast-schema-graph\">{\"@context\":\"https:\\\/\\\/schema.org\",\"@graph\":[{\"@type\":\"WebPage\",\"@id\":\"https:\\\/\\\/sv-adamitz.de\\\/?page_id=95\",\"url\":\"https:\\\/\\\/sv-adamitz.de\\\/?page_id=95\",\"name\":\"Qualifikationen - SV-Adamitz\",\"isPartOf\":{\"@id\":\"https:\\\/\\\/sv-adamitz.de\\\/#website\"},\"datePublished\":\"2020-11-04T22:03:00+00:00\",\"dateModified\":\"2025-09-05T13:16:44+00:00\",\"breadcrumb\":{\"@id\":\"https:\\\/\\\/sv-adamitz.de\\\/?page_id=95#breadcrumb\"},\"inLanguage\":\"de\",\"potentialAction\":[{\"@type\":\"ReadAction\",\"target\":[\"https:\\\/\\\/sv-adamitz.de\\\/?page_id=95\"]}]},{\"@type\":\"BreadcrumbList\",\"@id\":\"https:\\\/\\\/sv-adamitz.de\\\/?page_id=95#breadcrumb\",\"itemListElement\":[{\"@type\":\"ListItem\",\"position\":1,\"name\":\"Startseite\",\"item\":\"https:\\\/\\\/sv-adamitz.de\\\/\"},{\"@type\":\"ListItem\",\"position\":2,\"name\":\"Qualifikationen\"}]},{\"@type\":\"WebSite\",\"@id\":\"https:\\\/\\\/sv-adamitz.de\\\/#website\",\"url\":\"https:\\\/\\\/sv-adamitz.de\\\/\",\"name\":\"SV-Adamitz\",\"description\":\"AwSV \\\/ WHG\",\"publisher\":{\"@id\":\"https:\\\/\\\/sv-adamitz.de\\\/#organization\"},\"potentialAction\":[{\"@type\":\"SearchAction\",\"target\":{\"@type\":\"EntryPoint\",\"urlTemplate\":\"https:\\\/\\\/sv-adamitz.de\\\/?s={search_term_string}\"},\"query-input\":{\"@type\":\"PropertyValueSpecification\",\"valueRequired\":true,\"valueName\":\"search_term_string\"}}],\"inLanguage\":\"de\"},{\"@type\":\"Organization\",\"@id\":\"https:\\\/\\\/sv-adamitz.de\\\/#organization\",\"name\":\"Sachverst\u00e4ndigenb\u00fcro M.Eng. Dennis Adamitz\",\"url\":\"https:\\\/\\\/sv-adamitz.de\\\/\",\"logo\":{\"@type\":\"ImageObject\",\"inLanguage\":\"de\",\"@id\":\"https:\\\/\\\/sv-adamitz.de\\\/#\\\/schema\\\/logo\\\/image\\\/\",\"url\":\"https:\\\/\\\/sv-adamitz.de\\\/wp-content\\\/uploads\\\/2020\\\/12\\\/SV-Adamitz-Logo-1.png\",\"contentUrl\":\"https:\\\/\\\/sv-adamitz.de\\\/wp-content\\\/uploads\\\/2020\\\/12\\\/SV-Adamitz-Logo-1.png\",\"width\":893,\"height\":387,\"caption\":\"Sachverst\u00e4ndigenb\u00fcro M.Eng. Dennis Adamitz\"},\"image\":{\"@id\":\"https:\\\/\\\/sv-adamitz.de\\\/#\\\/schema\\\/logo\\\/image\\\/\"}}]}<\/script>\n<!-- \/ Yoast SEO plugin. -->","yoast_head_json":{"title":"Qualifikationen - SV-Adamitz","robots":{"index":"index","follow":"follow","max-snippet":"max-snippet:-1","max-image-preview":"max-image-preview:large","max-video-preview":"max-video-preview:-1"},"canonical":"https:\/\/sv-adamitz.de\/?page_id=95","og_locale":"de_DE","og_type":"article","og_title":"Qualifikationen - SV-Adamitz","og_url":"https:\/\/sv-adamitz.de\/?page_id=95","og_site_name":"SV-Adamitz","article_modified_time":"2025-09-05T13:16:44+00:00","twitter_card":"summary_large_image","twitter_misc":{"Gesch\u00e4tzte Lesezeit":"1\u00a0Minute"},"schema":{"@context":"https:\/\/schema.org","@graph":[{"@type":"WebPage","@id":"https:\/\/sv-adamitz.de\/?page_id=95","url":"https:\/\/sv-adamitz.de\/?page_id=95","name":"Qualifikationen - SV-Adamitz","isPartOf":{"@id":"https:\/\/sv-adamitz.de\/#website"},"datePublished":"2020-11-04T22:03:00+00:00","dateModified":"2025-09-05T13:16:44+00:00","breadcrumb":{"@id":"https:\/\/sv-adamitz.de\/?page_id=95#breadcrumb"},"inLanguage":"de","potentialAction":[{"@type":"ReadAction","target":["https:\/\/sv-adamitz.de\/?page_id=95"]}]},{"@type":"BreadcrumbList","@id":"https:\/\/sv-adamitz.de\/?page_id=95#breadcrumb","itemListElement":[{"@type":"ListItem","position":1,"name":"Startseite","item":"https:\/\/sv-adamitz.de\/"},{"@type":"ListItem","position":2,"name":"Qualifikationen"}]},{"@type":"WebSite","@id":"https:\/\/sv-adamitz.de\/#website","url":"https:\/\/sv-adamitz.de\/","name":"SV-Adamitz","description":"AwSV \/ WHG","publisher":{"@id":"https:\/\/sv-adamitz.de\/#organization"},"potentialAction":[{"@type":"SearchAction","target":{"@type":"EntryPoint","urlTemplate":"https:\/\/sv-adamitz.de\/?s={search_term_string}"},"query-input":{"@type":"PropertyValueSpecification","valueRequired":true,"valueName":"search_term_string"}}],"inLanguage":"de"},{"@type":"Organization","@id":"https:\/\/sv-adamitz.de\/#organization","name":"Sachverst\u00e4ndigenb\u00fcro M.Eng. Dennis Adamitz","url":"https:\/\/sv-adamitz.de\/","logo":{"@type":"ImageObject","inLanguage":"de","@id":"https:\/\/sv-adamitz.de\/#\/schema\/logo\/image\/","url":"https:\/\/sv-adamitz.de\/wp-content\/uploads\/2020\/12\/SV-Adamitz-Logo-1.png","contentUrl":"https:\/\/sv-adamitz.de\/wp-content\/uploads\/2020\/12\/SV-Adamitz-Logo-1.png","width":893,"height":387,"caption":"Sachverst\u00e4ndigenb\u00fcro M.Eng. Dennis Adamitz"},"image":{"@id":"https:\/\/sv-adamitz.de\/#\/schema\/logo\/image\/"}}]}},"_links":{"self":[{"href":"https:\/\/sv-adamitz.de\/index.php?rest_route=\/wp\/v2\/pages\/95","targetHints":{"allow":["GET"]}}],"collection":[{"href":"https:\/\/sv-adamitz.de\/index.php?rest_route=\/wp\/v2\/pages"}],"about":[{"href":"https:\/\/sv-adamitz.de\/index.php?rest_route=\/wp\/v2\/types\/page"}],"author":[{"embeddable":true,"href":"https:\/\/sv-adamitz.de\/index.php?rest_route=\/wp\/v2\/users\/1"}],"replies":[{"embeddable":true,"href":"https:\/\/sv-adamitz.de\/index.php?rest_route=%2Fwp%2Fv2%2Fcomments&post=95"}],"version-history":[{"count":14,"href":"https:\/\/sv-adamitz.de\/index.php?rest_route=\/wp\/v2\/pages\/95\/revisions"}],"predecessor-version":[{"id":355,"href":"https:\/\/sv-adamitz.de\/index.php?rest_route=\/wp\/v2\/pages\/95\/revisions\/355"}],"wp:attachment":[{"href":"https:\/\/sv-adamitz.de\/index.php?rest_route=%2Fwp%2Fv2%2Fmedia&parent=95"}],"curies":[{"name":"wp","href":"https:\/\/api.w.org\/{rel}","templated":true}]}}